{"id":6,"date":"2022-10-30T09:39:51","date_gmt":"2022-10-30T09:39:51","guid":{"rendered":"https:\/\/www.cc-carrefour-reus.com\/servicios\/"},"modified":"2024-05-23T11:49:43","modified_gmt":"2024-05-23T11:49:43","slug":"servicios","status":"publish","type":"page","link":"https:\/\/www.cc-carrefour-reus.com\/cat\/servicios\/","title":{"rendered":"Serveis"},"content":{"rendered":"<div class=\"wpb-content-wrapper\"><div class=\"vc_row wpb_row vc_row-fluid vc_row-o-content-middle vc_row-flex\"><br \/>\n<div class=\"wpb_column vc_column_container vc_col-sm-4\"><div class=\"vc_column-inner\"><div class=\"wpb_wrapper\"><br \/>\n\n\t<div class=\"wpb_text_column wpb_content_element\" >\n\t\t<div class=\"wpb_wrapper\">\n\t\t\t<p>\n<img decoding=\"async\" class=\"aligncenter size-full\" src=\"https:\/\/www.micentrocomercial.es\/wp-content\/themes\/restyling\/images\/cabecera-servicios.png\" alt=\"Servicioss\" \/><\/p>\n\n\t\t<\/div>\n\t<\/div>\n<br \/>\n<\/div><\/div><\/div><br \/>\n<div class=\"wpb_column vc_column_container vc_col-sm-8\"><div class=\"vc_column-inner\"><div class=\"wpb_wrapper\"><br \/>\n\n\t<div class=\"wpb_text_column wpb_content_element\" >\n\t\t<div class=\"wpb_wrapper\">\n\t\t\t<h1 class=\"entry-title\">Servicios<\/h1>\n<p style=\"font-size: 1.2rem;\"><strong>La comodidad y el bienestar de nuestros clientes es fundamental.<\/strong><\/p>\n<p style=\"font-size: 1.2rem;\">Nuestros centros est\u00e1n destinados a hacer que se sientan a gusto y que su visita sea una experiencia \u00fanica.<\/p>\n\n\t\t<\/div>\n\t<\/div>\n<br \/>\n\n\t<div class=\"wpb_text_column wpb_content_element\" >\n\t\t<div class=\"wpb_wrapper\">\n\t\t\t<ul class=\"listado-servicios\">\n\t\t\t\t<li>\n\t\t\t\t\t<div class=\"servicio-icon\">\n\t\t\t\t\t\t<svg viewbox=\"0 0 200 200\" xmlns=\"http:\/\/www.w3.org\/2000\/svg\"><path d=\"M 0, 89 C 0, 22.25 22.25, 0 89, 0 S 178, 22.25 178, 89 155.75, 178 89, 178 0, 155.75 0, 89\" fill=\"#fff\" transform=\"rotate(-3, 100, 100) translate(11 11)\"><\/path><\/svg>\n\t\t\t\t\t\t<i class=\"icon-carrefour icon-mascotas\" style=\"position:relative;\"><\/i>\n\t\t\t\t\t<\/div>\n\t\t\t\t\t<div class=\"servicio-label\">Pet Friendly<\/div>\n\t\t\t\t<\/li>\n\t\t\t\n\t\t\t\t<li>\n\t\t\t\t\t<div class=\"servicio-icon\">\n\t\t\t\t\t\t<svg viewbox=\"0 0 200 200\" xmlns=\"http:\/\/www.w3.org\/2000\/svg\"><path d=\"M 0, 89 C 0, 22.25 22.25, 0 89, 0 S 178, 22.25 178, 89 155.75, 178 89, 178 0, 155.75 0, 89\" fill=\"#fff\" transform=\"rotate(-2, 100, 100) translate(11 11)\"><\/path><\/svg>\n\t\t\t\t\t\t<i class=\"icon-carrefour icon-wifi\" style=\"position:relative;\"><\/i>\n\t\t\t\t\t<\/div>\n\t\t\t\t\t<div class=\"servicio-label\">Wifi Gratuito<\/div>\n\t\t\t\t<\/li>\n\t\t\t\n\t\t\t\t<li>\n\t\t\t\t\t<div class=\"servicio-icon\">\n\t\t\t\t\t\t<svg viewbox=\"0 0 200 200\" xmlns=\"http:\/\/www.w3.org\/2000\/svg\"><path d=\"M 0, 89 C 0, 22.25 22.25, 0 89, 0 S 178, 22.25 178, 89 155.75, 178 89, 178 0, 155.75 0, 89\" fill=\"#fff\" transform=\"rotate(9, 100, 100) translate(11 11)\"><\/path><\/svg>\n\t\t\t\t\t\t<i class=\"icon-carrefour icon-cajero\" style=\"position:relative;\"><\/i>\n\t\t\t\t\t<\/div>\n\t\t\t\t\t<div class=\"servicio-label\">Cajero autom\u00e1tico<\/div>\n\t\t\t\t<\/li>\n\t\t\t\n\t\t\t\t<li>\n\t\t\t\t\t<div class=\"servicio-icon\">\n\t\t\t\t\t\t<svg viewbox=\"0 0 200 200\" xmlns=\"http:\/\/www.w3.org\/2000\/svg\"><path d=\"M 0, 89 C 0, 22.25 22.25, 0 89, 0 S 178, 22.25 178, 89 155.75, 178 89, 178 0, 155.75 0, 89\" fill=\"#fff\" transform=\"rotate(-10, 100, 100) translate(11 11)\"><\/path><\/svg>\n\t\t\t\t\t\t<i class=\"icon-carrefour icon-fotomaton\" style=\"position:relative;\"><\/i>\n\t\t\t\t\t<\/div>\n\t\t\t\t\t<div class=\"servicio-label\">Fotomat\u00f3n<\/div>\n\t\t\t\t<\/li>\n\t\t\t\n\t\t\t\t<li>\n\t\t\t\t\t<div class=\"servicio-icon\">\n\t\t\t\t\t\t<svg viewbox=\"0 0 200 200\" xmlns=\"http:\/\/www.w3.org\/2000\/svg\"><path d=\"M 0, 89 C 0, 22.25 22.25, 0 89, 0 S 178, 22.25 178, 89 155.75, 178 89, 178 0, 155.75 0, 89\" fill=\"#fff\" transform=\"rotate(9, 100, 100) translate(11 11)\"><\/path><\/svg>\n\t\t\t\t\t\t<i class=\"icon-carrefour icon-parafarmacia\" style=\"position:relative;\"><\/i>\n\t\t\t\t\t<\/div>\n\t\t\t\t\t<div class=\"servicio-label\">Parafarmacia<\/div>\n\t\t\t\t<\/li>\n\t\t\t\n\t\t\t\t<li>\n\t\t\t\t\t<div class=\"servicio-icon\">\n\t\t\t\t\t\t<svg viewbox=\"0 0 200 200\" xmlns=\"http:\/\/www.w3.org\/2000\/svg\"><path d=\"M 0, 89 C 0, 22.25 22.25, 0 89, 0 S 178, 22.25 178, 89 155.75, 178 89, 178 0, 155.75 0, 89\" fill=\"#fff\" transform=\"rotate(-2, 100, 100) translate(11 11)\"><\/path><\/svg>\n\t\t\t\t\t\t<i class=\"icon-carrefour icon-pmr\" style=\"position:relative;\"><\/i>\n\t\t\t\t\t<\/div>\n\t\t\t\t\t<div class=\"servicio-label\">Plazas adaptadas<\/div>\n\t\t\t\t<\/li>\n\t\t\t\n\t\t\t\t<li>\n\t\t\t\t\t<div class=\"servicio-icon\">\n\t\t\t\t\t\t<svg viewbox=\"0 0 200 200\" xmlns=\"http:\/\/www.w3.org\/2000\/svg\"><path d=\"M 0, 89 C 0, 22.25 22.25, 0 89, 0 S 178, 22.25 178, 89 155.75, 178 89, 178 0, 155.75 0, 89\" fill=\"#fff\" transform=\"rotate(-15, 100, 100) translate(11 11)\"><\/path><\/svg>\n\t\t\t\t\t\t<i class=\"icon-carrefour icon-llaves\" style=\"position:relative;\"><\/i>\n\t\t\t\t\t<\/div>\n\t\t\t\t\t<div class=\"servicio-label\">Reproducci\u00f3n de llaves<\/div>\n\t\t\t\t<\/li>\n\t\t\t\n\t\t\t\t<li>\n\t\t\t\t\t<div class=\"servicio-icon\">\n\t\t\t\t\t\t<svg viewbox=\"0 0 200 200\" xmlns=\"http:\/\/www.w3.org\/2000\/svg\"><path d=\"M 0, 89 C 0, 22.25 22.25, 0 89, 0 S 178, 22.25 178, 89 155.75, 178 89, 178 0, 155.75 0, 89\" fill=\"#fff\" transform=\"rotate(-3, 100, 100) translate(11 11)\"><\/path><\/svg>\n\t\t\t\t\t\t<i class=\"icon-carrefour icon-restauracion\" style=\"position:relative;\"><\/i>\n\t\t\t\t\t<\/div>\n\t\t\t\t\t<div class=\"servicio-label\">Restauraci\u00f3n<\/div>\n\t\t\t\t<\/li>\n\t\t\t\n\t\t\t\t<li>\n\t\t\t\t\t<div class=\"servicio-icon\">\n\t\t\t\t\t\t<svg viewbox=\"0 0 200 200\" xmlns=\"http:\/\/www.w3.org\/2000\/svg\"><path d=\"M 0, 89 C 0, 22.25 22.25, 0 89, 0 S 178, 22.25 178, 89 155.75, 178 89, 178 0, 155.75 0, 89\" fill=\"#fff\" transform=\"rotate(3, 100, 100) translate(11 11)\"><\/path><\/svg>\n\t\t\t\t\t\t<i class=\"icon-carrefour icon-domicilio\" style=\"position:relative;\"><\/i>\n\t\t\t\t\t<\/div>\n\t\t\t\t\t<div class=\"servicio-label\">Servicio a domicilio<\/div>\n\t\t\t\t<\/li>\n\t\t\t\n\t\t\t\t<li>\n\t\t\t\t\t<div class=\"servicio-icon\">\n\t\t\t\t\t\t<svg viewbox=\"0 0 200 200\" xmlns=\"http:\/\/www.w3.org\/2000\/svg\"><path d=\"M 0, 89 C 0, 22.25 22.25, 0 89, 0 S 178, 22.25 178, 89 155.75, 178 89, 178 0, 155.75 0, 89\" fill=\"#fff\" transform=\"rotate(-4, 100, 100) translate(11 11)\"><\/path><\/svg>\n\t\t\t\t\t\t<i class=\"icon-carrefour icon-taller\" style=\"position:relative;\"><\/i>\n\t\t\t\t\t<\/div>\n\t\t\t\t\t<div class=\"servicio-label\">Taller<\/div>\n\t\t\t\t<\/li>\n\t\t\t\n\t\t\t\t<li>\n\t\t\t\t\t<div class=\"servicio-icon\">\n\t\t\t\t\t\t<svg viewbox=\"0 0 200 200\" xmlns=\"http:\/\/www.w3.org\/2000\/svg\"><path d=\"M 0, 89 C 0, 22.25 22.25, 0 89, 0 S 178, 22.25 178, 89 155.75, 178 89, 178 0, 155.75 0, 89\" fill=\"#fff\" transform=\"rotate(-8, 100, 100) translate(11 11)\"><\/path><\/svg>\n\t\t\t\t\t\t<i class=\"icon-carrefour icon-taxi\" style=\"position:relative;\"><\/i>\n\t\t\t\t\t<\/div>\n\t\t\t\t\t<div class=\"servicio-label\">Taxi<\/div>\n\t\t\t\t<\/li>\n\t\t\t<\/ul>\n\n\t\t<\/div>\n\t<\/div>\n<br \/>\n<\/div><\/div><\/div><br \/>\n<\/div><br \/>\n<div id=\"galeria-centro\" class=\"vc_row wpb_row vc_row-fluid\"><br \/>\n<div class=\"wpb_column vc_column_container vc_col-sm-12\"><div class=\"vc_column-inner\"><div class=\"wpb_wrapper\"><br \/>\n\n\t<div class=\"wpb_text_column wpb_content_element\" >\n\t\t<div class=\"wpb_wrapper\">\n\t\t\t<h1 class=\"entry-title\">DESCUBRE NUESTRO CENTRO<\/h1>\n\n\t\t<\/div>\n\t<\/div>\n<br \/>\n<div class=\"wpb_gallery wpb_content_element vc_clearfix wpb_content_element\" ><div class=\"wpb_wrapper\"><div class=\"wpb_gallery_slides wpb_flexslider flexslider_slide flexslider\" data-interval=\"3\" data-flex_fx=\"slide\"><ul class=\"slides\"><li><a class=\"\" href=\"https:\/\/www.cc-carrefour-reus.com\/wp-content\/uploads\/sites\/32\/2022\/11\/interior-centro-comercial-alfafar-04.jpg\" data-lightbox=\"lightbox[rel-6-2186974396]\"><img fetchpriority=\"high\" decoding=\"async\" width=\"800\" height=\"500\" src=\"https:\/\/www.cc-carrefour-reus.com\/wp-content\/uploads\/sites\/32\/2022\/11\/interior-centro-comercial-alfafar-04.jpg\" class=\"attachment-full\" alt=\"\" title=\"interior-centro-comercial-alfafar-04.jpg\" srcset=\"https:\/\/www.cc-carrefour-reus.com\/wp-content\/uploads\/sites\/32\/2022\/11\/interior-centro-comercial-alfafar-04.jpg 800w, https:\/\/www.cc-carrefour-reus.com\/wp-content\/uploads\/sites\/32\/2022\/11\/interior-centro-comercial-alfafar-04-300x188.jpg 300w, https:\/\/www.cc-carrefour-reus.com\/wp-content\/uploads\/sites\/32\/2022\/11\/interior-centro-comercial-alfafar-04-768x480.jpg 768w\" sizes=\"(max-width: 800px) 100vw, 800px\" \/><\/a><\/li><li><a class=\"\" href=\"https:\/\/www.cc-carrefour-reus.com\/wp-content\/uploads\/sites\/32\/2022\/11\/centro-comercial-reus-02.png\" data-lightbox=\"lightbox[rel-6-2186974396]\"><img decoding=\"async\" width=\"800\" height=\"500\" src=\"https:\/\/www.cc-carrefour-reus.com\/wp-content\/uploads\/sites\/32\/2022\/11\/centro-comercial-reus-02.png\" class=\"attachment-full\" alt=\"\" title=\"centro-comercial-reus-02.png\" srcset=\"https:\/\/www.cc-carrefour-reus.com\/wp-content\/uploads\/sites\/32\/2022\/11\/centro-comercial-reus-02.png 800w, https:\/\/www.cc-carrefour-reus.com\/wp-content\/uploads\/sites\/32\/2022\/11\/centro-comercial-reus-02-300x188.png 300w, https:\/\/www.cc-carrefour-reus.com\/wp-content\/uploads\/sites\/32\/2022\/11\/centro-comercial-reus-02-768x480.png 768w\" sizes=\"(max-width: 800px) 100vw, 800px\" \/><\/a><\/li><li><a class=\"\" href=\"https:\/\/www.cc-carrefour-reus.com\/wp-content\/uploads\/sites\/32\/2022\/11\/centro-comercial-reus-01.png\" data-lightbox=\"lightbox[rel-6-2186974396]\"><img decoding=\"async\" width=\"800\" height=\"500\" src=\"https:\/\/www.cc-carrefour-reus.com\/wp-content\/uploads\/sites\/32\/2022\/11\/centro-comercial-reus-01.png\" class=\"attachment-full\" alt=\"\" title=\"centro-comercial-reus-01.png\" srcset=\"https:\/\/www.cc-carrefour-reus.com\/wp-content\/uploads\/sites\/32\/2022\/11\/centro-comercial-reus-01.png 800w, https:\/\/www.cc-carrefour-reus.com\/wp-content\/uploads\/sites\/32\/2022\/11\/centro-comercial-reus-01-300x188.png 300w, https:\/\/www.cc-carrefour-reus.com\/wp-content\/uploads\/sites\/32\/2022\/11\/centro-comercial-reus-01-768x480.png 768w\" sizes=\"(max-width: 800px) 100vw, 800px\" \/><\/a><\/li><li><a class=\"\" href=\"https:\/\/www.cc-carrefour-reus.com\/wp-content\/uploads\/sites\/32\/2022\/11\/interior-centro-comercial-alfafar-02.jpg\" data-lightbox=\"lightbox[rel-6-2186974396]\"><img loading=\"lazy\" decoding=\"async\" width=\"800\" height=\"500\" src=\"https:\/\/www.cc-carrefour-reus.com\/wp-content\/uploads\/sites\/32\/2022\/11\/interior-centro-comercial-alfafar-02.jpg\" class=\"attachment-full\" alt=\"\" title=\"interior-centro-comercial-alfafar-02.jpg\" srcset=\"https:\/\/www.cc-carrefour-reus.com\/wp-content\/uploads\/sites\/32\/2022\/11\/interior-centro-comercial-alfafar-02.jpg 800w, https:\/\/www.cc-carrefour-reus.com\/wp-content\/uploads\/sites\/32\/2022\/11\/interior-centro-comercial-alfafar-02-300x188.jpg 300w, https:\/\/www.cc-carrefour-reus.com\/wp-content\/uploads\/sites\/32\/2022\/11\/interior-centro-comercial-alfafar-02-768x480.jpg 768w\" sizes=\"(max-width: 800px) 100vw, 800px\" \/><\/a><\/li><li><a class=\"\" href=\"https:\/\/www.cc-carrefour-reus.com\/wp-content\/uploads\/sites\/32\/2022\/11\/interior-centro-comercial-alfafar-06.jpg\" data-lightbox=\"lightbox[rel-6-2186974396]\"><img loading=\"lazy\" decoding=\"async\" width=\"800\" height=\"500\" src=\"https:\/\/www.cc-carrefour-reus.com\/wp-content\/uploads\/sites\/32\/2022\/11\/interior-centro-comercial-alfafar-06.jpg\" class=\"attachment-full\" alt=\"\" title=\"interior-centro-comercial-alfafar-06.jpg\" srcset=\"https:\/\/www.cc-carrefour-reus.com\/wp-content\/uploads\/sites\/32\/2022\/11\/interior-centro-comercial-alfafar-06.jpg 800w, https:\/\/www.cc-carrefour-reus.com\/wp-content\/uploads\/sites\/32\/2022\/11\/interior-centro-comercial-alfafar-06-300x188.jpg 300w, https:\/\/www.cc-carrefour-reus.com\/wp-content\/uploads\/sites\/32\/2022\/11\/interior-centro-comercial-alfafar-06-768x480.jpg 768w\" sizes=\"(max-width: 800px) 100vw, 800px\" \/><\/a><\/li><\/ul><\/div><\/div><\/div><br \/>\n<\/div><\/div><\/div><br \/>\n<\/div>\n<\/div>","protected":false},"excerpt":{"rendered":"Servicios La comodidad y el bienestar de nuestros clientes es fundamental. Nuestros centros est\u00e1n destinados a hacer que se sientan a gusto y que su visita sea una experiencia \u00fanica. Pet Friendly Wifi Gratuito Cajero autom\u00e1tico Fotomat\u00f3n Parafarmacia Plazas adaptadas Reproducci\u00f3n de llaves Restauraci\u00f3n Servicio a domicilio Taller Taxi DESCUBRE NUESTRO CENTRO","protected":false},"author":1,"featured_media":0,"parent":0,"menu_order":0,"comment_status":"closed","ping_status":"closed","template":"","meta":{"footnotes":""},"class_list":["post-6","page","type-page","status-publish","hentry"],"_links":{"self":[{"href":"https:\/\/www.cc-carrefour-reus.com\/cat\/wp-json\/wp\/v2\/pages\/6","targetHints":{"allow":["GET"]}}],"collection":[{"href":"https:\/\/www.cc-carrefour-reus.com\/cat\/wp-json\/wp\/v2\/pages"}],"about":[{"href":"https:\/\/www.cc-carrefour-reus.com\/cat\/wp-json\/wp\/v2\/types\/page"}],"author":[{"embeddable":true,"href":"https:\/\/www.cc-carrefour-reus.com\/cat\/wp-json\/wp\/v2\/users\/1"}],"replies":[{"embeddable":true,"href":"https:\/\/www.cc-carrefour-reus.com\/cat\/wp-json\/wp\/v2\/comments?post=6"}],"version-history":[{"count":3,"href":"https:\/\/www.cc-carrefour-reus.com\/cat\/wp-json\/wp\/v2\/pages\/6\/revisions"}],"predecessor-version":[{"id":1858,"href":"https:\/\/www.cc-carrefour-reus.com\/cat\/wp-json\/wp\/v2\/pages\/6\/revisions\/1858"}],"wp:attachment":[{"href":"https:\/\/www.cc-carrefour-reus.com\/cat\/wp-json\/wp\/v2\/media?parent=6"}],"curies":[{"name":"wp","href":"https:\/\/api.w.org\/{rel}","templated":true}]}}